{"id":471,"date":"2018-01-04T03:20:30","date_gmt":"2018-01-04T02:20:30","guid":{"rendered":"https:\/\/awifilm.de\/site\/?page_id=471"},"modified":"2018-01-10T19:20:31","modified_gmt":"2018-01-10T18:20:31","slug":"filmproduktion","status":"publish","type":"page","link":"https:\/\/awifilm.de\/site\/filmproduktion\/","title":{"rendered":"FILMPRODUKTION"},"content":{"rendered":"<p>[et_pb_section bb_built=&#8220;1&#8243;][et_pb_row _builder_version=&#8220;3.0.64&#8243;][et_pb_column type=&#8220;1_4&#8243;][et_pb_image admin_label=&#8220;Schmetterling&#8220; src=&#8220;https:\/\/awifilm.de\/site\/wp-content\/uploads\/2018\/01\/Schmetterling_045.jpg&#8220; _builder_version=&#8220;3.0.64&#8243; custom_margin=&#8220;0px|0px|0px|0px&#8220; show_in_lightbox=&#8220;on&#8220; url_new_window=&#8220;off&#8220; use_overlay=&#8220;off&#8220; sticky=&#8220;off&#8220; align=&#8220;left&#8220; always_center_on_mobile=&#8220;off&#8220; border_style=&#8220;solid&#8220; force_fullwidth=&#8220;off&#8220; max_width=&#8220;360px&#8220; max_width_last_edited=&#8220;on|desktop&#8220; \/][et_pb_text admin_label=&#8220;Text Abstand-Halter&#8220; _builder_version=&#8220;3.0.64&#8243; background_layout=&#8220;light&#8220; text_orientation=&#8220;center&#8220; border_style=&#8220;solid&#8220; custom_padding=&#8220;0px|||&#8220; text_font_size=&#8220;11&#8243; text_font_size_last_edited=&#8220;on|&#8220; disabled_on=&#8220;off|off|off&#8220; disabled=&#8220;off&#8220;]<\/p>\n<p>Aurorafalter<\/p>\n<p>[\/et_pb_text][et_pb_image admin_label=&#8220;Fink&#8220; src=&#8220;https:\/\/awifilm.de\/site\/wp-content\/uploads\/2018\/01\/Distelfink.jpg&#8220; _builder_version=&#8220;3.0.64&#8243; custom_margin=&#8220;0px|0px|0px|0px&#8220; show_in_lightbox=&#8220;on&#8220; url_new_window=&#8220;off&#8220; use_overlay=&#8220;off&#8220; sticky=&#8220;off&#8220; align=&#8220;left&#8220; always_center_on_mobile=&#8220;off&#8220; border_style=&#8220;solid&#8220; force_fullwidth=&#8220;off&#8220; max_width=&#8220;360px&#8220; max_width_last_edited=&#8220;on|desktop&#8220; \/][et_pb_text admin_label=&#8220;Text Abstand-Halter&#8220; _builder_version=&#8220;3.0.64&#8243; background_layout=&#8220;light&#8220; text_orientation=&#8220;center&#8220; border_style=&#8220;solid&#8220; custom_padding=&#8220;0px|||&#8220; text_font_size=&#8220;11&#8243; text_font_size_last_edited=&#8220;on|&#8220; disabled_on=&#8220;off|off|off&#8220; disabled=&#8220;off&#8220;]<\/p>\n<p>Stieglitz\/Distelfink<\/p>\n<p>[\/et_pb_text][et_pb_image admin_label=&#8220;Schwalbenschwanz&#8220; src=&#8220;https:\/\/awifilm.de\/site\/wp-content\/uploads\/2018\/01\/Schmetterling_0325.jpg&#8220; _builder_version=&#8220;3.0.64&#8243; custom_margin=&#8220;0px|0px|0px|0px&#8220; show_in_lightbox=&#8220;on&#8220; url_new_window=&#8220;off&#8220; use_overlay=&#8220;off&#8220; sticky=&#8220;off&#8220; align=&#8220;left&#8220; always_center_on_mobile=&#8220;off&#8220; border_style=&#8220;solid&#8220; force_fullwidth=&#8220;off&#8220; max_width=&#8220;360px&#8220; max_width_last_edited=&#8220;on|desktop&#8220; \/][et_pb_text admin_label=&#8220;Text Abstand-Halter&#8220; _builder_version=&#8220;3.0.64&#8243; background_layout=&#8220;light&#8220; text_orientation=&#8220;center&#8220; border_style=&#8220;solid&#8220; custom_padding=&#8220;0px|||&#8220; text_font_size=&#8220;11&#8243; text_font_size_last_edited=&#8220;on|&#8220; disabled_on=&#8220;off|off|off&#8220; disabled=&#8220;off&#8220;]<\/p>\n<p>Schwalbenschwanz<\/p>\n<p>[\/et_pb_text][et_pb_image admin_label=&#8220;Glockenblumen&#8220; src=&#8220;https:\/\/awifilm.de\/site\/wp-content\/uploads\/2018\/01\/Glockenblumen_335.jpg&#8220; _builder_version=&#8220;3.0.64&#8243; custom_margin=&#8220;0px|0px|0px|0px&#8220; show_in_lightbox=&#8220;on&#8220; url_new_window=&#8220;off&#8220; use_overlay=&#8220;off&#8220; sticky=&#8220;off&#8220; align=&#8220;left&#8220; always_center_on_mobile=&#8220;off&#8220; border_style=&#8220;solid&#8220; force_fullwidth=&#8220;off&#8220; max_width=&#8220;360px&#8220; max_width_last_edited=&#8220;on|desktop&#8220; \/][et_pb_text admin_label=&#8220;Text Abstand-Halter&#8220; _builder_version=&#8220;3.0.64&#8243; background_layout=&#8220;light&#8220; text_orientation=&#8220;center&#8220; border_style=&#8220;solid&#8220; custom_padding=&#8220;0px|||&#8220; text_font_size=&#8220;11&#8243; text_font_size_last_edited=&#8220;on|&#8220; disabled_on=&#8220;off|off|off&#8220; disabled=&#8220;off&#8220;]<\/p>\n<p>Glockenblumen<\/p>\n<p>[\/et_pb_text][et_pb_image admin_label=&#8220;Feuersalamander&#8220; src=&#8220;https:\/\/awifilm.de\/site\/wp-content\/uploads\/2018\/01\/Feuersalamander_001.jpg&#8220; _builder_version=&#8220;3.0.64&#8243; custom_margin=&#8220;0px|0px|0px|0px&#8220; show_in_lightbox=&#8220;on&#8220; url_new_window=&#8220;off&#8220; use_overlay=&#8220;off&#8220; sticky=&#8220;off&#8220; align=&#8220;left&#8220; always_center_on_mobile=&#8220;off&#8220; border_style=&#8220;solid&#8220; force_fullwidth=&#8220;off&#8220; max_width=&#8220;360px&#8220; max_width_last_edited=&#8220;on|desktop&#8220; \/][et_pb_text admin_label=&#8220;Text Abstand-Halter&#8220; _builder_version=&#8220;3.0.64&#8243; background_layout=&#8220;light&#8220; text_orientation=&#8220;center&#8220; border_style=&#8220;solid&#8220; custom_padding=&#8220;0px|||&#8220; text_font_size=&#8220;11&#8243; text_font_size_last_edited=&#8220;on|&#8220; disabled_on=&#8220;off|off|off&#8220; disabled=&#8220;off&#8220;]<\/p>\n<p>Feuersalamander<\/p>\n<p>[\/et_pb_text][\/et_pb_column][et_pb_column type=&#8220;1_2&#8243;][et_pb_text admin_label=&#8220;Filmproduktion als Berufung&#8220; _builder_version=&#8220;3.0.64&#8243; background_layout=&#8220;light&#8220; text_orientation=&#8220;left&#8220; border_style=&#8220;solid&#8220;]<\/p>\n<h2><strong><span style=\"color: #008000;\"><br \/>\nFilmproduktion als Berufung<\/span><\/strong><\/h2>\n<p>[\/et_pb_text][et_pb_text admin_label=&#8220;Textblock1&#8243; _builder_version=&#8220;3.0.64&#8243; background_layout=&#8220;light&#8220; text_orientation=&#8220;left&#8220; border_style=&#8220;solid&#8220;]<\/p>\n<div>\n<h4><span style=\"color: #008000;\">Es sind Ereignisse, die uns pr\u00e4gen<br \/>\n<\/span><span style=\"color: #008000;\">und die uns unsere Bestimmung finden lassen.<\/span><\/h4>\n<p>Bei mir war es der tausendfache Stra\u00dfentod der Igel, der mich<br \/>\nzum Naturschutz f\u00fchrte. Dabei habe ich schnell erkannt, dass es<br \/>\nnicht reicht, sich nur um kranke und verletzte Tiere zu k\u00fcmmern.<br \/>\nMenschen f\u00fcr den Naturschutz zu sensibilisieren &#8211; darin sah ich<br \/>\nmeine Berufung.<\/p>\n<p>Durch meine langj\u00e4hrige Arbeit f\u00fcr den Naturschutz wurde ich<br \/>\nschnell auch ein engagierter Filmemacher, weil ich die Sch\u00f6nheit<br \/>\nder Natur auch anderen Menschen, die keinen direkten Zugang<br \/>\nzu den Orten hatten, die ich auf meinen Streifz\u00fcgen durch die Natur<br \/>\nfand, n\u00e4her bringen wollte.<\/p>\n<p><strong>Ich bin \u00fcberzeugt davon, dass bei den meisten Menschen die<br \/>\nBegeisterung<\/strong> <strong>f\u00fcr die Sch\u00f6nheit der Natur lediglich in einer<br \/>\nArt Dornr\u00f6schen-Schlaf liegt.<\/strong><\/p>\n<p>Man muss sie nur einmal aufwecken und ihnen zeigen, wo sie mit<br \/>\n<strong> der Suche anfangen sollen. Wer einmal auf diesen Weg gegangen ist,<\/strong><br \/>\n<strong> der wird ihn nie wieder verlassen&#8230;<\/strong><\/p>\n<\/div>\n<p>[\/et_pb_text][et_pb_text admin_label=&#8220;Textblock2&#8243; _builder_version=&#8220;3.0.64&#8243; background_layout=&#8220;light&#8220; text_orientation=&#8220;left&#8220; border_style=&#8220;solid&#8220;]<\/p>\n<div><\/div>\n<div>\n<div>\n<p>&nbsp;<\/p>\n<h3><span style=\"color: #008000;\">Information und Wissen, fachgerecht aufbereitet&#8230;<\/span><\/h3>\n<\/div>\n<\/div>\n<div>\n<div>\n<p>Mit meinen Naturaufnahmen konnte ich Fernsehsender wie RTL,<br \/>\nSWR und ZDF schnell begeisten und ehe ich mich versah, hatte ich<br \/>\nbei RTL sogar eine eigene Sendung, in der ich den Menschen die<br \/>\nunterschiedlichsten Themen \u00fcber Naturschutz in Haus und Garten<br \/>\nmit meinen Filmaufnahmen und im Gespr\u00e4ch mit den Moderatoren<br \/>\nund Fachleuten n\u00e4her bringen konnte.<\/p>\n<p>Heute liegt der Schwerpunkt der Produktionen bei Natur- und Umwelt.<br \/>\nAber Tourismus- und Gesundheits-Themen interessieren mich sehr.<br \/>\nSo sind im Laufe der Jahre viele Filme \u00fcber die Sehensw\u00fcrdigkeiten der<br \/>\nEifel entstanden, sowie viele Informationsfilme \u00fcber Themen wie<br \/>\nDialyse, Diabetes, Herzerkrankungen, Zahnmedizin oder Prostatakrebs.<\/p>\n<p><strong>Neben einer sorgf\u00e4ltigen Recherche, ist eine enge, vertrauensvolle<\/strong><br \/>\n<strong> Zusammenarbeit mit \u00c4rzten, Professoren und Krankenh\u00e4usern die<\/strong><br \/>\n<strong>Grundlage f\u00fcr das Gelingen einer guten Produktion.<\/strong><\/p>\n<p>Aber ganz alleine geht es dann eben doch nicht. Zum guten Gelingen<br \/>\nder Produktionen tragen nicht zuletzt auch kompetente Produktionspartner,<br \/>\nwie Ralf Hess von <strong><a href=\"http:\/\/www.soundlabmedia.de\" target=\"_blank\" rel=\"noopener\">Soundlabmedia<\/a><\/strong> und professionelle Stimmen wie<br \/>\nder ARD Sprecher Karl-Heinz Kaul oder Schauspieler Volker Lechtenbrink bei.<\/p>\n<p><strong>Einige Beispiele unserer Arbeit finden Sie in unserem <a href=\"https:\/\/awifilm.de\/site\/filmarchiv\/\">Filmarchiv<\/a>.<\/strong><\/p>\n<p><strong>Vielen Dank f\u00fcr Ihr Interesse!<\/strong><\/p>\n<p><strong>Adolf Winkler<\/strong><\/p>\n<\/div>\n<\/div>\n<p>[\/et_pb_text][et_pb_image admin_label=&#8220;Igel&#8220; src=&#8220;https:\/\/awifilm.de\/site\/wp-content\/uploads\/2018\/01\/Igel_800x648-1.jpg&#8220; _builder_version=&#8220;3.0.64&#8243; custom_margin=&#8220;0px|0px|0px|0px&#8220; show_in_lightbox=&#8220;on&#8220; url_new_window=&#8220;off&#8220; use_overlay=&#8220;off&#8220; sticky=&#8220;off&#8220; align=&#8220;center&#8220; always_center_on_mobile=&#8220;off&#8220; border_style=&#8220;solid&#8220; force_fullwidth=&#8220;off&#8220; max_width_last_edited=&#8220;off|desktop&#8220; max_width=&#8220;600px&#8220; \/][\/et_pb_column][et_pb_column type=&#8220;1_4&#8243;][et_pb_image admin_label=&#8220;Making of Juden kesfeld&#8220; src=&#8220;https:\/\/awifilm.de\/site\/wp-content\/uploads\/2018\/01\/Juden_Kesfeld_4340_1.jpg&#8220; _builder_version=&#8220;3.0.64&#8243; custom_margin=&#8220;0px|0px|0px|0px&#8220; show_in_lightbox=&#8220;on&#8220; url_new_window=&#8220;off&#8220; use_overlay=&#8220;off&#8220; sticky=&#8220;off&#8220; align=&#8220;left&#8220; always_center_on_mobile=&#8220;off&#8220; border_style=&#8220;solid&#8220; force_fullwidth=&#8220;off&#8220; max_width=&#8220;360px&#8220; max_width_last_edited=&#8220;on|desktop&#8220; custom_margin_last_edited=&#8220;on|desktop&#8220; \/][et_pb_text admin_label=&#8220;Text Abstand-Halter&#8220; _builder_version=&#8220;3.0.64&#8243; background_layout=&#8220;light&#8220; text_orientation=&#8220;center&#8220; border_style=&#8220;solid&#8220; custom_padding=&#8220;0px|||&#8220; text_font_size=&#8220;12&#8243; text_font_size_last_edited=&#8220;on|phone&#8220; disabled_on=&#8220;off|off|off&#8220; disabled=&#8220;off&#8220;]<\/p>\n<p>Dreharbeiten zum Film &#8222;7 Lichter&#8220;<\/p>\n<p>[\/et_pb_text][et_pb_image admin_label=&#8220;Soldaten Grosskampenberg&#8220; src=&#8220;https:\/\/awifilm.de\/site\/wp-content\/uploads\/2018\/01\/Gro\u00dfkampenberg_51.jpg&#8220; _builder_version=&#8220;3.0.64&#8243; custom_margin=&#8220;0px|0px|0px|0px&#8220; show_in_lightbox=&#8220;on&#8220; url_new_window=&#8220;off&#8220; use_overlay=&#8220;off&#8220; sticky=&#8220;off&#8220; align=&#8220;left&#8220; always_center_on_mobile=&#8220;off&#8220; border_style=&#8220;solid&#8220; force_fullwidth=&#8220;off&#8220; max_width=&#8220;360px&#8220; max_width_last_edited=&#8220;on|desktop&#8220; \/][et_pb_text admin_label=&#8220;Text Abstand-Halter&#8220; _builder_version=&#8220;3.0.64&#8243; background_layout=&#8220;light&#8220; text_orientation=&#8220;center&#8220; border_style=&#8220;solid&#8220; custom_padding=&#8220;0px|||&#8220; text_font_size=&#8220;12&#8243; text_font_size_last_edited=&#8220;on|phone&#8220; disabled_on=&#8220;off|off|off&#8220; disabled=&#8220;off&#8220;]<\/p>\n<p>Dreharbeiten zu<br \/>\n&#8222;Der Westwall im Eifelkreis Bitburg-Pr\u00fcm&#8220;<\/p>\n<p>[\/et_pb_text][et_pb_image admin_label=&#8220;Herz OP&#8220; src=&#8220;https:\/\/awifilm.de\/site\/wp-content\/uploads\/2018\/01\/Herz_OP_0983.jpg&#8220; _builder_version=&#8220;3.0.64&#8243; custom_margin=&#8220;0px|0px|0px|0px&#8220; show_in_lightbox=&#8220;on&#8220; url_new_window=&#8220;off&#8220; use_overlay=&#8220;off&#8220; sticky=&#8220;off&#8220; align=&#8220;left&#8220; always_center_on_mobile=&#8220;off&#8220; border_style=&#8220;solid&#8220; force_fullwidth=&#8220;off&#8220; max_width=&#8220;360px&#8220; max_width_last_edited=&#8220;on|desktop&#8220; \/][et_pb_text admin_label=&#8220;Text Abstand-Halter&#8220; _builder_version=&#8220;3.0.64&#8243; background_layout=&#8220;light&#8220; text_orientation=&#8220;center&#8220; border_style=&#8220;solid&#8220; custom_padding=&#8220;0px|||&#8220; text_font_size=&#8220;12&#8243; text_font_size_last_edited=&#8220;on|&#8220; disabled_on=&#8220;off|off|off&#8220; disabled=&#8220;off&#8220;]<\/p>\n<p>Dreharbeiten im Herz OP<\/p>\n<p>[\/et_pb_text][et_pb_image admin_label=&#8220;Karl-Heinz Kaul&#8220; src=&#8220;https:\/\/awifilm.de\/site\/wp-content\/uploads\/2018\/01\/Karl_Heinz_Kaul_800px.jpg&#8220; _builder_version=&#8220;3.0.64&#8243; custom_margin=&#8220;0px|0px|0px|0px&#8220; show_in_lightbox=&#8220;on&#8220; url_new_window=&#8220;off&#8220; use_overlay=&#8220;off&#8220; sticky=&#8220;off&#8220; align=&#8220;left&#8220; always_center_on_mobile=&#8220;off&#8220; border_style=&#8220;solid&#8220; force_fullwidth=&#8220;off&#8220; max_width=&#8220;360px&#8220; max_width_last_edited=&#8220;on|desktop&#8220; \/][et_pb_text admin_label=&#8220;Text Abstand-Halter&#8220; _builder_version=&#8220;3.0.64&#8243; background_layout=&#8220;light&#8220; text_orientation=&#8220;center&#8220; border_style=&#8220;solid&#8220; custom_padding=&#8220;0px|||&#8220; text_font_size=&#8220;11&#8243; text_font_size_last_edited=&#8220;on|&#8220; disabled_on=&#8220;off|off|off&#8220; disabled=&#8220;off&#8220;]<\/p>\n<p>ARD Sprecher Karl-Heinz Kaul<\/p>\n<p>[\/et_pb_text][et_pb_image admin_label=&#8220;Volker Lechtenbrink&#8220; src=&#8220;https:\/\/awifilm.de\/site\/wp-content\/uploads\/2018\/01\/Adi_u_Lechtenbrink_012.jpg&#8220; _builder_version=&#8220;3.0.64&#8243; custom_margin=&#8220;0px|0px|0px|0px&#8220; show_in_lightbox=&#8220;on&#8220; url_new_window=&#8220;off&#8220; use_overlay=&#8220;off&#8220; sticky=&#8220;off&#8220; align=&#8220;left&#8220; always_center_on_mobile=&#8220;off&#8220; border_style=&#8220;solid&#8220; force_fullwidth=&#8220;off&#8220; max_width=&#8220;360px&#8220; max_width_last_edited=&#8220;on|desktop&#8220; \/][et_pb_text admin_label=&#8220;Text Abstand-Halter&#8220; _builder_version=&#8220;3.0.64&#8243; background_layout=&#8220;light&#8220; text_orientation=&#8220;center&#8220; border_style=&#8220;solid&#8220; custom_padding=&#8220;0px|||&#8220; text_font_size=&#8220;11&#8243; text_font_size_last_edited=&#8220;on|&#8220; disabled_on=&#8220;off|off|off&#8220; disabled=&#8220;off&#8220;]<\/p>\n<p>Sprecheraufnahmen mit Volker Lechtenbrink<\/p>\n<p>[\/et_pb_text][et_pb_image admin_label=&#8220;Soundlabmedia&#8220; src=&#8220;https:\/\/awifilm.de\/site\/wp-content\/uploads\/2018\/01\/Dr_Hauptmann_Greenbox20151030_173100.jpg&#8220; _builder_version=&#8220;3.0.64&#8243; custom_margin=&#8220;0px|0px|0px|0px&#8220; show_in_lightbox=&#8220;on&#8220; url_new_window=&#8220;off&#8220; use_overlay=&#8220;off&#8220; sticky=&#8220;off&#8220; align=&#8220;left&#8220; always_center_on_mobile=&#8220;off&#8220; border_style=&#8220;solid&#8220; force_fullwidth=&#8220;off&#8220; max_width=&#8220;360px&#8220; max_width_last_edited=&#8220;on|desktop&#8220; \/][et_pb_text admin_label=&#8220;Text Abstand-Halter&#8220; _builder_version=&#8220;3.0.64&#8243; background_layout=&#8220;light&#8220; text_orientation=&#8220;center&#8220; border_style=&#8220;solid&#8220; custom_padding=&#8220;0px|||&#8220; text_font_size=&#8220;11&#8243; text_font_size_last_edited=&#8220;on|&#8220; disabled_on=&#8220;off|off|off&#8220; disabled=&#8220;off&#8220;]<\/p>\n<p>Im Studio bei Soundlabmedia<br \/>\nmit Chefarzt Dr. Eugen Hauptmann<\/p>\n<p>[\/et_pb_text][\/et_pb_column][\/et_pb_row][\/et_pb_section]<\/p>\n","protected":false},"excerpt":{"rendered":"<p>Aurorafalter Stieglitz\/Distelfink Schwalbenschwanz Glockenblumen Feuersalamander Filmproduktion als Berufung Es sind Ereignisse, die uns pr\u00e4gen und die uns unsere Bestimmung finden lassen. Bei mir war es der tausendfache Stra\u00dfentod der Igel, der mich zum Naturschutz f\u00fchrte. Dabei habe ich schnell erkannt, dass es nicht reicht, sich nur um kranke und verletzte Tiere zu k\u00fcmmern. Menschen f\u00fcr [&hellip;]<\/p>\n","protected":false},"author":1,"featured_media":0,"parent":0,"menu_order":25,"comment_status":"closed","ping_status":"closed","template":"","meta":{"_et_pb_use_builder":"on","_et_pb_old_content":"<p>\u00dcber uns<\/p>","_et_gb_content_width":"","footnotes":""},"class_list":["post-471","page","type-page","status-publish","hentry"],"_links":{"self":[{"href":"https:\/\/awifilm.de\/site\/wp-json\/wp\/v2\/pages\/471","targetHints":{"allow":["GET"]}}],"collection":[{"href":"https:\/\/awifilm.de\/site\/wp-json\/wp\/v2\/pages"}],"about":[{"href":"https:\/\/awifilm.de\/site\/wp-json\/wp\/v2\/types\/page"}],"author":[{"embeddable":true,"href":"https:\/\/awifilm.de\/site\/wp-json\/wp\/v2\/users\/1"}],"replies":[{"embeddable":true,"href":"https:\/\/awifilm.de\/site\/wp-json\/wp\/v2\/comments?post=471"}],"version-history":[{"count":129,"href":"https:\/\/awifilm.de\/site\/wp-json\/wp\/v2\/pages\/471\/revisions"}],"predecessor-version":[{"id":1003,"href":"https:\/\/awifilm.de\/site\/wp-json\/wp\/v2\/pages\/471\/revisions\/1003"}],"wp:attachment":[{"href":"https:\/\/awifilm.de\/site\/wp-json\/wp\/v2\/media?parent=471"}],"curies":[{"name":"wp","href":"https:\/\/api.w.org\/{rel}","templated":true}]}}