{"id":161,"date":"2017-07-27T12:23:57","date_gmt":"2017-07-27T10:23:57","guid":{"rendered":"https:\/\/awifilm.de\/site\/?page_id=161"},"modified":"2018-01-06T03:15:18","modified_gmt":"2018-01-06T02:15:18","slug":"kreisfilm","status":"publish","type":"page","link":"https:\/\/awifilm.de\/site\/filmarchiv\/kreisfilm\/","title":{"rendered":"40 Jahre Eifelkreis Bitburg-Pr\u00fcm"},"content":{"rendered":"<p>[et_pb_section bb_built=&#8220;1&#8243;][et_pb_row][et_pb_column type=&#8220;4_4&#8243;][et_pb_video admin_label=&#8220;Kreisfilm&#8220; _builder_version=&#8220;3.0.64&#8243; src=&#8220;https:\/\/awifilm.de\/site\/wp-content\/uploads\/videos\/kreisfilm_kurzfassung_800x450.mp4&#8243; src_webm=&#8220;https:\/\/awifilm.de\/site\/wp-content\/uploads\/videos\/kreisfilm_kurzfassung_800x450.webm&#8220; \/][et_pb_text _builder_version=&#8220;3.0.64&#8243; background_layout=&#8220;light&#8220; text_orientation=&#8220;left&#8220; border_style=&#8220;solid&#8220; custom_margin=&#8220;0px|0px|0px|0px&#8220; custom_padding=&#8220;|0px|10px|&#8220;]<\/p>\n<p style=\"text-align: center;\">Film &#8222;40 Jahre Eifelkreis Bitburg Pr\u00fcm&#8220; (Kurzfassung)<\/p>\n<p>[\/et_pb_text][et_pb_button _builder_version=&#8220;3.0.64&#8243; button_text=&#8220;Zur\u00fcck zur Filmauswahl&#8220; button_url=&#8220;https:\/\/awifilm.de\/site\/filmarchiv&#8220; url_new_window=&#8220;off&#8220; button_alignment=&#8220;center&#8220; background_layout=&#8220;light&#8220; custom_button=&#8220;off&#8220; button_letter_spacing=&#8220;0&#8243; button_icon_placement=&#8220;right&#8220; button_letter_spacing_hover=&#8220;0&#8243; \/][\/et_pb_column][\/et_pb_row][\/et_pb_section]<\/p>\n","protected":false},"excerpt":{"rendered":"<p><div class=\"et_pb_row et_pb_row_0 et_pb_row_empty\">\n\t\t\t\t\n\t\t\t\t\n\t\t\t\t\n\t\t\t\t\n\t\t\t\t\n\t\t\t<\/div> Film &#8222;40 Jahre Eifelkreis Bitburg Pr\u00fcm&#8220; (Kurzfassung)<\/p>\n","protected":false},"author":1,"featured_media":0,"parent":322,"menu_order":20,"comment_status":"closed","ping_status":"closed","template":"","meta":{"_et_pb_use_builder":"on","_et_pb_old_content":"<div class=\"csc-header csc-header-n1\"><h1 class=\"csc-firstHeader\">Aktuelles und Interessantes bei AWI-Film<\/h1><\/div><div class=\"csc-textpic-text\"><p class=\"bodytext\"><b>Hier finden sie Informationen \u00fcber aktuelle Ereignisse und neue Produktionen.<br \/> Soweit m\u00f6glich stellen wir die von uns erstellten Produktionen zur Ansicht online.<br \/> In\u00a0einigen F\u00e4llen ist dies jedoch aus urheberrechtlichen oder vertraglichen Gr\u00fcnden<br \/> nicht m\u00f6glich. Daf\u00fcr\u00a0bitten wir um Ihr Verst\u00e4ndnis.<\/b><\/p><p>\u00a0<\/p><\/div><p>\u00a0<\/p><div class=\"csc-header csc-header-n2\"><h1>1300 Jahre Bitburg<\/h1><\/div><div class=\"csc-textpic csc-textpic-intext-right\"><div class=\"csc-textpic-imagewrap\"><dl class=\"csc-textpic-image csc-textpic-firstcol csc-textpic-lastcol\"><dt><a href=\"https:\/\/web.archive.org\/web\/20160731182030\/http:\/\/www.awifilm.de\/cms\/index.php?id=60\"><img src=\"https:\/\/web.archive.org\/web\/20160731182030im_\/http:\/\/www.awifilm.de\/cms\/uploads\/pics\/Inlay_1300Jahre_Bitburg.jpg\" alt=\"\" width=\"240\" height=\"347\" border=\"0\" \/><\/a><\/dt><\/dl><\/div><div class=\"csc-textpic-text\"><p class=\"bodytext\"><b>01.03.2016<\/b><br \/> Eigentlich ist die Stadt Bitburg ja viel \u00e4lter als 1300 Jahre,<br \/> aber die erste urkundliche Erw\u00e4hnung der Stadt im Jahre<br \/> 715 war f\u00fcr die Bitburger auf jeden Fall ein Grund zum Feiern.<\/p><p>Schon die R\u00f6mer bauten die ersten Stadtbefestigungen,<br \/> deren imposante \u00dcberreste heute noch gut erhalten sind.<br \/> Im zweiten Weltkrieg wurde die Stadt fast v\u00f6llig zerst\u00f6rt<br \/> und von den Amerikanern zur toten Stadt erkl\u00e4rt.<br \/> Aber mit dem Bau der US Airbase in den 1950er Jahren<br \/> erbl\u00fchte die Stadt zu neuem Leben und sie entwickelt<br \/> sich auch heute - 2 Jahrzehnte nach dem Abzug der<br \/> Amerikaner immer noch sehr positiv weiter.<\/p><p>Der Film erz\u00e4hlt die Geschichte der Stadt von der Keltenzeit<br \/> bis heute und gibt einen Eindruck von den vielen Veranstaltungen<br \/> und Ereignissen im Jubil\u00e4umsjahr.<\/p><p>Schnitt, Postproduktion und DVD-Mastering<br \/> \u00fcbernahm unser Partner <b><a>Soundlabmedia<\/a><\/b>.<\/p><\/div><\/div><p>\u00a0<\/p><div class=\"csc-header csc-header-n3\"><h1>Innere Medizin III - Kompetenz f\u00fcr die Gesundheit<\/h1><\/div><div class=\"csc-textpic csc-textpic-intext-right\"><div class=\"csc-textpic-imagewrap\"><dl class=\"csc-textpic-image csc-textpic-firstcol csc-textpic-lastcol\"><dt><img src=\"https:\/\/web.archive.org\/web\/20160731182030im_\/http:\/\/www.awifilm.de\/cms\/uploads\/pics\/Inlay_AWI_1501_MEDIII.jpg\" alt=\"\" width=\"240\" height=\"222\" border=\"0\" \/><\/dt><\/dl><\/div><div class=\"csc-textpic-text\"><p class=\"bodytext\"><b>13.12.2015<\/b><br \/> Gemeinsam\u00a0mit <b>Dr. med. Karl-Eugen Hauptman<\/b>,<br \/> Chefarzt der Abteilung f\u00fcr Kardiologie am <b><br \/> Br\u00fcderkrankenhaus Trier<\/b> und <b><a class=\"external-link-new-window\" title=\"Opens external link in new window\" href=\"https:\/\/web.archive.org\/web\/20160731182030\/http:\/\/www.soundlabmedia.de\/\" target=\"_blank\" rel=\"noopener\">Soundlabmedia<\/a><\/b><br \/> produzierten wir einen Film \u00fcber die Behandlungs-<br \/> m\u00f6glichkeiten der Abteilung f\u00fcr Innere Medizin III,<br \/> deren Schwerpunkt das Herzkatheterlabor darstellt.<\/p><p>Die Schwerpunkte des Films sind Informationen \u00fcber<br \/> die Herzkatheterdiagnostik, Gef\u00e4\u00dfdilatation\/Stenting,<br \/> Kathetergest\u00fctzter Herzklappenersatz, Schrittmacher-<br \/> und Defibrillator-Implantation, sowie die Katetherablation.<\/p><\/div><\/div><p>\u00a0<\/p><div class=\"csc-header csc-header-n4\"><h1>Neue Wege f\u00fcr das Leben - Die Rekonstruktion von Aorta und Aortenklappe<\/h1><\/div><div class=\"csc-textpic csc-textpic-intext-right\"><div class=\"csc-textpic-imagewrap\"><dl class=\"csc-textpic-image csc-textpic-firstcol csc-textpic-lastcol\"><dt><img src=\"https:\/\/web.archive.org\/web\/20160731182030im_\/http:\/\/www.awifilm.de\/cms\/uploads\/pics\/Inlay_AWI_1402_Bentall_OP.jpg\" alt=\"\" width=\"240\" height=\"223\" border=\"0\" \/><\/dt><\/dl><\/div><div class=\"csc-textpic-text\"><p class=\"bodytext\"><b>17.12.2014<\/b><br \/> In Zusammenarbeit mit\u00a0<b>Professor Dr. Ivar Friedrich<\/b>,<br \/> Chefarzt der Abteilung f\u00fcr Herz- und Thoraxchirurgie<br \/> am <b>Br\u00fcderkrankenhaus Trier<\/b> und <b>Soundlabmedia<\/b>,<br \/> produzierten wir einen Film \u00fcber die Rekonstruktion<br \/> von Aorta und Aortenklappe, die sogenannte \"Bentall OP\".<\/p><p>Diese Operation kann notwendig werden, wenn sich ein<br \/> Aortenaneurysma ausgebildet hat und gleichzeitig auch<br \/> die Aortenklappe ersetzt werden muss.<\/p><p>Der Film, dient vor allem der Patienteninformation und<br \/> liefert im Vorfeld einer m\u00f6glichen Operation ausf\u00fchrliche<br \/> Hintergrundinformationen zum Thema.<\/p><\/div><\/div><p>\u00a0<\/p><div class=\"csc-header csc-header-n5\"><h1>7 Lichter - Die Juden in der Grenzregion Deutschland - Belgien - Luxemburg<\/h1><\/div><div class=\"csc-textpic csc-textpic-intext-right\"><div class=\"csc-textpic-imagewrap\"><dl class=\"csc-textpic-image csc-textpic-firstcol csc-textpic-lastcol\"><dt><img src=\"https:\/\/web.archive.org\/web\/20160731182030im_\/http:\/\/www.awifilm.de\/cms\/uploads\/pics\/7Lichter_inlay_02.jpg\" alt=\"\" width=\"240\" height=\"162\" border=\"0\" \/><\/dt><\/dl><\/div><div class=\"csc-textpic-text\"><p class=\"bodytext\"><b>03.06.2014<br \/> In der Halle der Kreissparkasse Bitburg fand heute vor \u00fcber 250<br \/> Filmfreunden die Premiere unserer neuen 76-min\u00fctigen<br \/> Dokumentation \u00fcber die Geschichte der Juden im Grenzbereich<br \/> zwischen Deutschland, Belgien und Luxemburg statt.<\/b><\/p><p>Seit fast 1000 Jahren hat die j\u00fcdische Kultur das Leben in der<br \/> Grenzregion mitgepr\u00e4gt. Emanzipation und Integration waren<br \/> auch f\u00fcr die j\u00fcdische Bev\u00f6lkerung selbstverst\u00e4ndlich.<br \/> Die schlimme Zeit der Shoah f\u00fchrte jedoch beinahe zur Ausrottung<br \/> der j\u00fcdischen Kultur in der Region.<b> <\/b>Doch neue Generationen <b><br \/> <\/b>bringen das j\u00fcdische Leben zur\u00fcck, kn\u00fcpfen an alte Traditionen<br \/> an und entwickeln sich weiter.<br \/> Die 7 Kerzen der Menora brennen wieder: 7 Lichter f\u00fcr einen<br \/> vorsichtigen Optimismus auf eine langfristige Stabilisierung<br \/> der j\u00fcdischen Kultur in der Grenzregion.<b><br \/> <\/b><b><br \/> <\/b>Produktion: AWI-Film \/ Soundlabmedia<b><\/b><\/p><p>\u00a0<\/p><\/div><\/div><p>\u00a0<\/p><div class=\"csc-header csc-header-n6\"><h1>Mit Kunst aus Metall die Welt gestalten<\/h1><\/div><div class=\"csc-textpic csc-textpic-intext-right\"><div class=\"csc-textpic-imagewrap\"><dl class=\"csc-textpic-image csc-textpic-firstcol csc-textpic-lastcol\"><dt><img src=\"https:\/\/web.archive.org\/web\/20160731182030im_\/http:\/\/www.awifilm.de\/cms\/uploads\/pics\/AWI_1302_Plein_Bronzen_DVD_Label_master.jpg\" alt=\"\" width=\"240\" height=\"240\" border=\"0\" \/><\/dt><\/dl><\/div><div class=\"csc-textpic-text\"><p class=\"bodytext\"><b>15.05.2013<\/b><br \/> Gemeinsam\u00a0mit <b>Soundlabmedia<\/b><br \/> produzierten wir einen Film \u00fcber die Herstellung<br \/> von Bronzefiguren und Devotionalien.<br \/> Die<b> Kunstgiesserei Plein<\/b> in Speicher ist einer<br \/> der renommiertesten Hersteller f\u00fcr gegossene<br \/> Kunst aus Metall. Unser neuer Film veranschaulicht<br \/> den kompletten Produktionsprozess vom Modell<br \/> \u00fcber die Erstellung der Gussform bis zum fertigen<br \/> Kunstprodukt.<\/p><\/div><\/div><p>\u00a0<\/p><div class=\"csc-header csc-header-n7\"><h1>Hightech f\u00fcr das Leben - Herzkatheterlabor<\/h1><\/div><div class=\"csc-textpic csc-textpic-intext-right\"><div class=\"csc-textpic-imagewrap\"><dl class=\"csc-textpic-image csc-textpic-firstcol csc-textpic-lastcol\"><dt><img src=\"https:\/\/web.archive.org\/web\/20160731182030im_\/http:\/\/www.awifilm.de\/cms\/uploads\/pics\/AWI_1301_DVD_Inlay_Katheterherzklappen_240x220.jpg\" alt=\"\" width=\"240\" height=\"220\" border=\"0\" \/><\/dt><\/dl><\/div><div class=\"csc-textpic-text\"><p class=\"bodytext\"><b>10.04.2013<\/b><br \/> Gemeinsam\u00a0mit <b>Dr. med. Karl-Eugen Hauptman<\/b>,<br \/> Chefarzt der Abteilung f\u00fcr Kardiologie am <b><br \/> Br\u00fcderkrankenhaus Trier<\/b> und <b><a class=\"external-link-new-window\" title=\"Opens external link in new window\" href=\"https:\/\/web.archive.org\/web\/20160731182030\/http:\/\/www.soundlabmedia.de\/\" target=\"_blank\" rel=\"noopener\">Soundlabmedia<\/a><\/b><br \/> produzierten wir einen Film \u00fcber die Behandlung<br \/> von Herzklappen-Erkrankungen im Katheterlabor.<\/p><p>Die moderne Kardiologie entwickelt immer ausgefeiltere<br \/> Verfahren um Herzkrankheiten zu behandeln. Die Therapie<br \/> von Herzklappenerkrankungen im Herzkatheterlabor ist ein<br \/> weiterer Hightech-Baustein der Behandlungsm\u00f6glichkeiten<br \/> und bietet speziell f\u00fcr Hochrisikopatienten eine weniger<br \/> belastende Alternative zu konventionellen chirurgischen<br \/> Herzklappenoperationen.<\/p><\/div><\/div><p>\u00a0<\/p><div class=\"csc-header csc-header-n8\"><h1>40 Jahre Eifelkreis Bitburg-Pr\u00fcm<\/h1><\/div><div class=\"csc-textpic csc-textpic-intext-right\"><div class=\"csc-textpic-imagewrap\"><dl class=\"csc-textpic-image csc-textpic-firstcol csc-textpic-lastcol\"><dt><img src=\"https:\/\/web.archive.org\/web\/20160731182030im_\/http:\/\/www.awifilm.de\/cms\/uploads\/pics\/kreisfilm.jpg\" alt=\"\" width=\"240\" height=\"161\" border=\"0\" \/><\/dt><\/dl><\/div><div class=\"csc-textpic-text\"><p class=\"bodytext\"><b>20.08.2012<\/b><br \/> <b>Der Eifelkreis Bitburg-Pr\u00fcm feierte im November 2010 sein<br \/> 40-j\u00e4hriges Bestehen.<\/b> Die Jubil\u00e4umsfeier in der Stadthalle<br \/> Bitburg ist der Einstieg in eine 40-min\u00fctige DVD Dokumentation<br \/> \u00fcber die Geschichte des Eifelkreises und die aktuellen Aktivit\u00e4ten.<\/p><p>Heute wurde der gemeinsam von Soundlabmedia und <a class=\"external-link-new-window\" title=\"AWI-Film\" href=\"https:\/\/web.archive.org\/web\/20160731182030\/http:\/\/www.awi-film.de\/\" target=\"_blank\" rel=\"noopener\" data-htmlarea-external=\"1\"><b>AWI-Film<\/b><\/a><br \/> produzierte Film bei einer feierlichen Premiere in Pr\u00fcm der<br \/> \u00d6ffentlichkeit pr\u00e4sentiert. Landrat Joachim Streit und die G\u00e4ste<br \/> lobten unsere Arbeit und freuen sich auch in der Zukunft auf<br \/> neue\u00a0Film-Produktionen unseres eingespielten \"Eifel-Film-Teams\".<\/p><\/div><\/div><p>\u00a0<\/p><div class=\"csc-header csc-header-n9\"><h1>Dokumentation: Ein Beruf f\u00fcr das Leben - Der Kardiotechniker<\/h1><\/div><div class=\"csc-textpic csc-textpic-intext-right\"><div class=\"csc-textpic-imagewrap\"><dl class=\"csc-textpic-image csc-textpic-firstcol csc-textpic-lastcol\"><dt><img src=\"https:\/\/web.archive.org\/web\/20160731182030im_\/http:\/\/www.awifilm.de\/cms\/uploads\/pics\/kardiotechnik_01.jpg\" alt=\"\" width=\"240\" height=\"306\" border=\"0\" \/><\/dt><\/dl><\/div><div class=\"csc-textpic-text\"><p class=\"bodytext\"><b>10.06.2012<\/b><br \/> <b>Die moderne Herzchirurgie w\u00e4re ohne sie nicht denkbar:<br \/> Herz-Lungen-Maschinen, die w\u00e4hrend einer Operation<br \/> am offenen Herzen die Arbeit von Herz und Lunge des<br \/> Patienten \u00fcbernehmen. Die Bedienung dieser Maschinen<br \/> erfordert ein hohes Fachwissen und h\u00f6chste Konzentration.<\/b><br \/> Das Arbeitsfeld des Kardiotechnikers wird durch die st\u00e4ndige<br \/> Weiterentwicklung der Medizintechnik immer umfangreicher.<br \/> Deshalb k\u00e4mpft die <b>Deutsche Gesellschaft f\u00fcr Kardiotechnik<\/b><b><\/b><br \/> seit Jahren f\u00fcr einheitliche Ausbildungsstandards und die<br \/> staatliche Anerkennung des Berufsbildes.<\/p><p>6 Monate reisten wir gemeinsam mit unserem Partner Ralf He\u00df<br \/> durch ganz Deutschland und dokumentierten mit unseren<br \/> Kameras die Arbeit der Kardiotechniker und sprachen mit<br \/> Kardiotechnikern, Ausbildern und Patienten.<\/p><p>Eine Coproduktion von Soundlabmedia und AWI-Film .<\/p><\/div><\/div><p>\u00a0<\/p><div class=\"csc-header csc-header-n10\"><h1>Neue Wege f\u00fcr das Leben - Die Koronare Bypassoperation<\/h1><\/div><div class=\"csc-textpic csc-textpic-intext-right\"><div class=\"csc-textpic-imagewrap\"><dl class=\"csc-textpic-image csc-textpic-firstcol csc-textpic-lastcol\"><dt><img src=\"https:\/\/web.archive.org\/web\/20160731182030im_\/http:\/\/www.awifilm.de\/cms\/uploads\/pics\/bypassfilm.jpg\" alt=\"\" width=\"240\" height=\"217\" border=\"0\" \/><\/dt><\/dl><\/div><div class=\"csc-textpic-text\"><p class=\"bodytext\"><b>21.01.2012<\/b><br \/> In Zusammenarbeit mit\u00a0<b>Professor Dr. Ivar Friedrich<\/b>,<br \/> Chefarzt der Abteilung f\u00fcr Herz- und Thoraxchirurgie<br \/> am <b>Br\u00fcderkrankenhaus Trier<\/b> und <b>Soundlabmedia<\/b>, produ-<br \/> zierten wir einen Film \u00fcber die Koronare Herzkrankheit.<br \/> Aufw\u00e4ndige 3D-Animationen des schlagenden Herzens<br \/> erkl\u00e4ren die Funktionsweise des Herzens, die Ursachen der<br \/> koronaren Herzkrankheit und die Behandlungsm\u00f6glichkeiten.<\/p><p>Der Film, der heute zur DVD-Pressung ins Presswerk geht,<br \/> dient vor allem der Information betroffener Patienten und<br \/> soll im Vorfeld einer m\u00f6glichen Operation ausf\u00fchrliche<br \/> Hintergrundinformationen zum Thema geben.<\/p><\/div><\/div><p>\u00a0<\/p><div class=\"csc-header csc-header-n11\"><h1>Leben ohne Luftnot - Operationen an der Herzklappe<\/h1><\/div><div class=\"csc-textpic csc-textpic-intext-right\"><div class=\"csc-textpic-imagewrap\"><div class=\"csc-textpic-imagerow\"><dl class=\"csc-textpic-image csc-textpic-firstcol csc-textpic-lastcol\"><dt><a href=\"https:\/\/web.archive.org\/web\/20160731182030\/http:\/\/www.awifilm.de\/cms\/index.php?id=61\"><img src=\"https:\/\/web.archive.org\/web\/20160731182030im_\/http:\/\/www.awifilm.de\/cms\/uploads\/pics\/herzklappen_2011.jpg\" alt=\"\" width=\"240\" height=\"196\" border=\"0\" \/><\/a><\/dt><\/dl><\/div><div class=\"csc-textpic-imagerow csc-textpic-imagerow-last\"><dl class=\"csc-textpic-image csc-textpic-firstcol csc-textpic-lastcol\"><dt><a href=\"https:\/\/web.archive.org\/web\/20160731182030\/http:\/\/www.awifilm.de\/cms\/index.php?id=61\"><img src=\"https:\/\/web.archive.org\/web\/20160731182030im_\/http:\/\/www.awifilm.de\/cms\/uploads\/pics\/playvideo_13.gif\" alt=\"\" width=\"240\" height=\"26\" border=\"0\" \/><\/a><\/dt><\/dl><\/div><\/div><div class=\"csc-textpic-text\"><p class=\"bodytext\"><b>02.09.2011<\/b><br \/> Gemeinsam\u00a0mit\u00a0<b>Professor Dr. Ivar Friedrich<\/b>,<br \/> Chefarzt der Abteilung f\u00fcr Herz- und Thoraxchirurgie<br \/> am <b>Br\u00fcderkrankenhaus Trier<\/b> und Soundlabmedia, produ-<br \/> zierten wir einen Film \u00fcber Herzklappen-Erkrankungen.<br \/> Mit aufw\u00e4ndigen 3D-Animationen des schlagenden Herzens<br \/> werden die Funktionsweise der Herzklappen und die Behand-<br \/> lungsm\u00f6glichkeiten bei Herzklappendefekten anschaulich\u00a0erkl\u00e4rt.<\/p><p>Der Film, der heute im Bruderkrankenhaus Trier der \u00d6ffentlichkeit<br \/> vorgestellt wurde richtet sich vor allem an betroffene Patienten.<br \/> Im Vorfeld einer m\u00f6glichen Operation sollen, mit Hilfe ausf\u00fchrlicher Hintergrundinformationen zum Thema, Entscheidungshilfen gegeben<br \/> und \u00c4ngste genommen werden.<\/p><\/div><\/div><p>\u00a0<\/p><div class=\"csc-header csc-header-n12\"><h1>Bitburg erleben<\/h1><\/div><div class=\"csc-textpic csc-textpic-intext-right\"><div class=\"csc-textpic-imagewrap\"><div class=\"csc-textpic-imagerow\"><dl class=\"csc-textpic-image csc-textpic-firstcol csc-textpic-lastcol\"><dt><a href=\"https:\/\/web.archive.org\/web\/20160731182030\/http:\/\/www.awifilm.de\/cms\/index.php?id=60\"><img src=\"https:\/\/web.archive.org\/web\/20160731182030im_\/http:\/\/www.awifilm.de\/cms\/uploads\/pics\/bitburg_erleben_webpreview_01.jpg\" alt=\"\" width=\"240\" height=\"162\" border=\"0\" \/><\/a><\/dt><\/dl><\/div><div class=\"csc-textpic-imagerow csc-textpic-imagerow-last\"><dl class=\"csc-textpic-image csc-textpic-firstcol csc-textpic-lastcol\"><dt><a href=\"https:\/\/web.archive.org\/web\/20160731182030\/http:\/\/www.awifilm.de\/cms\/index.php?id=60\"><img src=\"https:\/\/web.archive.org\/web\/20160731182030im_\/http:\/\/www.awifilm.de\/cms\/uploads\/pics\/playvideo_12.gif\" alt=\"\" width=\"240\" height=\"26\" border=\"0\" \/><\/a><\/dt><\/dl><\/div><\/div><div class=\"csc-textpic-text\"><p class=\"bodytext\"><b>05.01.2011<\/b><br \/> ...ist der Name des neuen Bitburger Stadtportraits.<\/p><p>Die Filmproduktion gibt einen \u00dcberblick \u00fcber die<br \/> Entstehungsgeschichte und die kommunalen Strukturen<br \/> Bitburgs. Auch die gastronomischen und touristischen<br \/> Highligts der S\u00fcdeifel-Metropole und der n\u00e4heren Umgebung<br \/> werden vorgestellt.<\/p><p>Schnitt, Nachbearbeitung und DVD-Produktion<br \/> \u00fcbernahm unser Partner <b><a>Soundlabmedia<\/a><\/b>.<\/p><\/div><\/div><p>\u00a0<\/p><div class=\"csc-header csc-header-n13\"><h1>Unsere neuen Webseiten ab heute \"online\"<\/h1><\/div><div class=\"csc-textpic csc-textpic-intext-right\"><div class=\"csc-textpic-imagewrap\"><dl class=\"csc-textpic-image csc-textpic-firstcol csc-textpic-lastcol\"><dt><img src=\"https:\/\/web.archive.org\/web\/20160731182030im_\/http:\/\/www.awifilm.de\/cms\/uploads\/pics\/awiwebseite.jpg\" alt=\"\" width=\"240\" height=\"175\" border=\"0\" \/><\/dt><\/dl><\/div><div class=\"csc-textpic-text\"><p class=\"bodytext\"><b>15.02.2010<br \/> Nachdem unsere alten Webseiten in die Jahre gekommen sind,<br \/> pr\u00e4sentieren wir ihnen ab heute eine neue \u00fcberarbeitete Fassung.<\/b><\/p><p>Mit dem Content Management System \"Typo3\" k\u00f6nnen wir Ihnen<br \/> unsere Arbeit ab sofort noch \u00fcbersichtlicher pr\u00e4sentieren.<\/p><p>Die Gestaltung \u00fcbernahm unser langj\u00e4hriger<br \/> Produktionspartner Ralf He\u00df von Soundlabmedia<br \/> Viel Spa\u00df beim Surfen!<\/p><\/div><\/div><p>\u00a0<\/p><div class=\"csc-header csc-header-n14\"><h1>Neuer Film \u00fcber den Ehrenfriedhof Kolmesh\u00f6he<\/h1><\/div><div class=\"csc-textpic csc-textpic-intext-right\"><div class=\"csc-textpic-imagewrap\"><dl class=\"csc-textpic-image csc-textpic-firstcol csc-textpic-lastcol\"><dt><img src=\"https:\/\/web.archive.org\/web\/20160731182030im_\/http:\/\/www.awifilm.de\/cms\/uploads\/pics\/kolmeshoehe01_240.jpg\" alt=\"\" width=\"240\" height=\"180\" border=\"0\" \/><\/dt><\/dl><\/div><div class=\"csc-textpic-text\"><p class=\"bodytext\"><b>18.01.2010<br \/> In der Halle der Kreissparkasse Bitburg fand heute vor \u00fcber 200<br \/> Filmfreunden die Premiere unserer neuen Dokumentation \u00fcber die<br \/> Geschichte des Ehrenfriedhofes Kolmesh\u00f6he statt.<\/b><\/p><p>Auf dem Soldatenfriedhof Kolmesh\u00f6he haben mehr als 2000<br \/> Soldaten und zivile Kriegstote der beiden letzten Weltkriege<br \/> ihre letze Ruhest\u00e4tte gefunden.<\/p><p>Der Film erz\u00e4hlt die Geschichte des Friedhofes und gibt mit<br \/> der Schilderung einzelner Schicksale dort bestatteter Soldaten<br \/> und Zivilisten einen Einblick in die bewegte Vergangenheit Bitburgs.<b><br \/> <\/b><b><\/b><\/p><p>\u00a0<\/p><\/div><\/div><p>\u00a0<\/p><div class=\"csc-textpic csc-textpic-intext-left\"><div class=\"csc-textpic-imagewrap\"><dl class=\"csc-textpic-image csc-textpic-firstcol csc-textpic-lastcol\"><dt><img src=\"https:\/\/web.archive.org\/web\/20160731182030im_\/http:\/\/www.awifilm.de\/cms\/uploads\/pics\/adi_u_lechtenbrink_01.jpg\" alt=\"\" width=\"240\" height=\"179\" border=\"0\" \/><\/dt><\/dl><\/div><div class=\"csc-textpic-text\"><p class=\"bodytext\">\u00a0 Besonderen Reiz erh\u00e4lt der Film durch die Erz\u00e4hlweise aus der<br \/> Perspektive eines dort auf dem Friedhof stehenden Baumes,<br \/> der die Weltgeschichte \"Blattnah\" erfuhr<b>. <\/b>Die tiefe und markante<br \/> Stimme Volker Lechtenbrinks, den wir f\u00fcr die Dokumentation<br \/> gewinnnen konnten, verleiht dem Baum einen authentischen<br \/> und glaubw\u00fcrdigen Charakter. <b><\/b><\/p><p>Der 38-min\u00fctige Film ist auf DVD gegen eine Schutzgeb\u00fchr von<br \/> 5,00 \u20ac in der Filiale der Kreissparkasse in Bitburg erh\u00e4ltlich.<\/p><p class=\"bodytext\"><b>\u00a0 Um einen Ausschnitt des Films zu sehen klicken Sie bitte hier:<br \/> <\/b><\/p><\/div><\/div><p>\u00a0<\/p><div class=\"csc-textpic csc-textpic-intext-right\"><div class=\"csc-textpic-imagewrap\"><dl class=\"csc-textpic-image csc-textpic-firstcol csc-textpic-lastcol\"><dt><a href=\"https:\/\/web.archive.org\/web\/20160731182030\/http:\/\/www.awifilm.de\/cms\/index.php?id=5\"><img src=\"https:\/\/web.archive.org\/web\/20160731182030im_\/http:\/\/www.awifilm.de\/cms\/uploads\/pics\/playvideo_04.gif\" alt=\"\" width=\"240\" height=\"26\" border=\"0\" \/><\/a><\/dt><\/dl><\/div><\/div><p>.<\/p>","_et_gb_content_width":"","footnotes":""},"class_list":["post-161","page","type-page","status-publish","hentry"],"_links":{"self":[{"href":"https:\/\/awifilm.de\/site\/wp-json\/wp\/v2\/pages\/161","targetHints":{"allow":["GET"]}}],"collection":[{"href":"https:\/\/awifilm.de\/site\/wp-json\/wp\/v2\/pages"}],"about":[{"href":"https:\/\/awifilm.de\/site\/wp-json\/wp\/v2\/types\/page"}],"author":[{"embeddable":true,"href":"https:\/\/awifilm.de\/site\/wp-json\/wp\/v2\/users\/1"}],"replies":[{"embeddable":true,"href":"https:\/\/awifilm.de\/site\/wp-json\/wp\/v2\/comments?post=161"}],"version-history":[{"count":35,"href":"https:\/\/awifilm.de\/site\/wp-json\/wp\/v2\/pages\/161\/revisions"}],"predecessor-version":[{"id":840,"href":"https:\/\/awifilm.de\/site\/wp-json\/wp\/v2\/pages\/161\/revisions\/840"}],"up":[{"embeddable":true,"href":"https:\/\/awifilm.de\/site\/wp-json\/wp\/v2\/pages\/322"}],"wp:attachment":[{"href":"https:\/\/awifilm.de\/site\/wp-json\/wp\/v2\/media?parent=161"}],"curies":[{"name":"wp","href":"https:\/\/api.w.org\/{rel}","templated":true}]}}