{"id":131,"date":"2017-07-26T19:57:45","date_gmt":"2017-07-26T17:57:45","guid":{"rendered":"https:\/\/awifilm.de\/site\/?page_id=131"},"modified":"2018-01-09T16:38:51","modified_gmt":"2018-01-09T15:38:51","slug":"impressum","status":"publish","type":"page","link":"https:\/\/awifilm.de\/site\/startseite\/impressum\/","title":{"rendered":"Impressum"},"content":{"rendered":"<p>[et_pb_section bb_built=&#8220;1&#8243;][et_pb_row][et_pb_column type=&#8220;1_3&#8243;][et_pb_image admin_label=&#8220;Bild Kuhmutter&#8220; _builder_version=&#8220;3.0.64&#8243; src=&#8220;https:\/\/awifilm.de\/site\/wp-content\/uploads\/2018\/01\/Kuhmutter.jpg&#8220; show_in_lightbox=&#8220;on&#8220; url_new_window=&#8220;off&#8220; use_overlay=&#8220;off&#8220; sticky=&#8220;off&#8220; align=&#8220;left&#8220; always_center_on_mobile=&#8220;on&#8220; border_style=&#8220;solid&#8220; max_width=&#8220;360px&#8220; force_fullwidth=&#8220;off&#8220; \/][\/et_pb_column][et_pb_column type=&#8220;2_3&#8243;][et_pb_text _builder_version=&#8220;3.0.64&#8243; background_layout=&#8220;light&#8220; text_orientation=&#8220;left&#8220; border_style=&#8220;solid&#8220;]<\/p>\n<div class=\"csc-header csc-header-n1\">\n<h1 class=\"csc-firstHeader\"><span style=\"color: #008000;\">Impressum<\/span><\/h1>\n<\/div>\n<div class=\"csc-textpic-text\">\n<p class=\"bodytext\"><b>AWI-Naturfilm<\/b><\/p>\n<p>Inhaber:<br \/>\nAdolf Winkler<br \/>\nBaumschulweg 15<br \/>\n54634 Bitburg<\/p>\n<p>Steuer-Nr.: 65243913873<\/p>\n<p><b>Inhaltlich Verantwortlicher<\/b><br \/>\n<b>gem\u00e4\u00df \u00a7 10 Absatz 3 MDStV:<br \/>\n<\/b><br \/>\nAdolf Winkler\u00a0(Anschrift wie oben)<\/p>\n<p><b><i>Haftungshinweis:<\/i><\/b><br \/>\nTrotz sorgf\u00e4ltiger inhaltlicher Kontrolle \u00fcbernehmen wir keine Haftung f\u00fcr die Inhalte externer Links.<br \/>\nF\u00fcr den Inhalt der verlinkten Seiten sind ausschlie\u00dflich deren Betreiber verantwortlich.<\/p>\n<p>Alle aufgef\u00fchrten Warenzeichen sind im Besitz der jeweiligen Firmen.<br \/>\nWort, Bild und Ton sind (wenn nicht anders vermerkt) urheberrechtlich gesch\u00fctzt.<\/p>\n<p>Wenn Sie einen Fehler entdecken sollten, w\u00fcrden wir uns \u00fcber einen Hinweis per <a href=\"mailto:info@awifilm.de\">e-mail<\/a>\u00a0 freuen.<\/p>\n<\/div>\n<p>[\/et_pb_text][\/et_pb_column][\/et_pb_row][\/et_pb_section]<\/p>\n","protected":false},"excerpt":{"rendered":"<p><div class=\"et_pb_row et_pb_row_0 et_pb_row_empty\">\n\t\t\t\t\n\t\t\t\t\n\t\t\t\t\n\t\t\t\t\n\t\t\t\t\n\t\t\t<\/div> Impressum AWI-Naturfilm Inhaber: Adolf Winkler Baumschulweg 15 54634 Bitburg Steuer-Nr.: 65243913873 Inhaltlich Verantwortlicher gem\u00e4\u00df \u00a7 10 Absatz 3 MDStV: Adolf Winkler\u00a0(Anschrift wie oben) Haftungshinweis: Trotz sorgf\u00e4ltiger inhaltlicher Kontrolle \u00fcbernehmen wir keine Haftung f\u00fcr die Inhalte externer Links. F\u00fcr den Inhalt der verlinkten Seiten sind ausschlie\u00dflich deren Betreiber verantwortlich. Alle aufgef\u00fchrten Warenzeichen sind im Besitz [&hellip;]<\/p>\n","protected":false},"author":1,"featured_media":0,"parent":8,"menu_order":8,"comment_status":"closed","ping_status":"closed","template":"","meta":{"_et_pb_use_builder":"on","_et_pb_old_content":"","_et_gb_content_width":"","footnotes":""},"class_list":["post-131","page","type-page","status-publish","hentry"],"_links":{"self":[{"href":"https:\/\/awifilm.de\/site\/wp-json\/wp\/v2\/pages\/131","targetHints":{"allow":["GET"]}}],"collection":[{"href":"https:\/\/awifilm.de\/site\/wp-json\/wp\/v2\/pages"}],"about":[{"href":"https:\/\/awifilm.de\/site\/wp-json\/wp\/v2\/types\/page"}],"author":[{"embeddable":true,"href":"https:\/\/awifilm.de\/site\/wp-json\/wp\/v2\/users\/1"}],"replies":[{"embeddable":true,"href":"https:\/\/awifilm.de\/site\/wp-json\/wp\/v2\/comments?post=131"}],"version-history":[{"count":8,"href":"https:\/\/awifilm.de\/site\/wp-json\/wp\/v2\/pages\/131\/revisions"}],"predecessor-version":[{"id":972,"href":"https:\/\/awifilm.de\/site\/wp-json\/wp\/v2\/pages\/131\/revisions\/972"}],"up":[{"embeddable":true,"href":"https:\/\/awifilm.de\/site\/wp-json\/wp\/v2\/pages\/8"}],"wp:attachment":[{"href":"https:\/\/awifilm.de\/site\/wp-json\/wp\/v2\/media?parent=131"}],"curies":[{"name":"wp","href":"https:\/\/api.w.org\/{rel}","templated":true}]}}