{"id":1015,"date":"2018-03-19T13:22:58","date_gmt":"2018-03-19T12:22:58","guid":{"rendered":"https:\/\/awifilm.de\/site\/?page_id=1015"},"modified":"2018-03-19T13:25:08","modified_gmt":"2018-03-19T12:25:08","slug":"datenschutz","status":"publish","type":"page","link":"https:\/\/awifilm.de\/site\/startseite\/datenschutz\/","title":{"rendered":"Datenschutz"},"content":{"rendered":"<p>[et_pb_section bb_built=&#8220;1&#8243; _builder_version=&#8220;3.0.64&#8243;][et_pb_row][et_pb_column type=&#8220;4_4&#8243;][et_pb_image _builder_version=&#8220;3.0.64&#8243; src=&#8220;https:\/\/awifilm.de\/site\/wp-content\/uploads\/2018\/01\/Mohnfeld_1080x400.jpg&#8220; show_in_lightbox=&#8220;off&#8220; url_new_window=&#8220;off&#8220; use_overlay=&#8220;off&#8220; sticky=&#8220;off&#8220; align=&#8220;left&#8220; always_center_on_mobile=&#8220;on&#8220; border_style=&#8220;solid&#8220; force_fullwidth=&#8220;off&#8220; \/][\/et_pb_column][\/et_pb_row][et_pb_row][et_pb_column type=&#8220;2_3&#8243;][et_pb_text _builder_version=&#8220;3.0.64&#8243; background_layout=&#8220;light&#8220; text_orientation=&#8220;left&#8220; border_style=&#8220;solid&#8220;]<\/p>\n<div class=\"csc-header csc-header-n2\"><\/div>\n<div class=\"csc-textpic-text\">\n<div class=\"csc-header csc-header-n1\">\n<h3 class=\"csc-firstHeader\"><span style=\"color: #008000;\">Erkl\u00e4rung zum Datenschutz<\/span><\/h3>\n<\/div>\n<p class=\"bodytext\"><b>Mit dem Besuch und der Nutzung dieser Website erkl\u00e4ren Sie sich<br \/>\ndamit einverstanden, dass gegebenenfalls Ihre Nutzerdaten erhoben<br \/>\nund gespeichert werden. <\/b><\/p>\n<p>Sie k\u00f6nnen diese Website besuchen, ohne sich in irgendeier Form zu registrieren.<\/p>\n<p>Daten wie zum Beispiel die von Ihnen aufgerufenen Seiten oder Dateien,<br \/>\nsowie gegebenenfalls auch die Zeiten der Nutzung, werden teilweise zu<br \/>\nstatistischen Zwecken anonym, ohne unmittelbaren Bezug zu Ihrer Person<br \/>\ngespeichert.<\/p>\n<p>Die eventuelle Angabe von pers\u00f6nlichen Daten wie z.B. Ihres Namens,<br \/>\nIhrer Adresse oder Ihrer E-Mail-Adresse erfolgt freiwillig.<\/p>\n<p>Wir geben keinesfalls von Ihnen erhobene Daten<br \/>\nohne Ihr ausdr\u00fcckliches Einverst\u00e4ndnis an Dritte weiter.<\/p>\n<p>Sofern diese Website Cookies verwendet, so erfolgt dies nur im technisch<br \/>\nnotwendigen Rahmen der gesch\u00e4ftlichen Interaktion mit Ihnen. Diese<br \/>\nCookies werden m\u00f6glicherweise dauerhaft auf Ihrem Rechner gespeichert.<br \/>\nSie k\u00f6nnen diese mit Hilfe der Werkzeuge Ihres Web-Browsers l\u00f6schen.<br \/>\nSie k\u00f6nnen das Speichern von Cookies in Ihrem Browser auch verbieten\/blockieren.<br \/>\nDies kann allerdings unter Umst\u00e4nden die Funktionalit\u00e4t der angebotenen Web-Dienste<br \/>\nbeeintr\u00e4chtigen oder verhindern.<br \/>\nWir erstellen keine nutzerspezifischen, individualisierten Werbeprofile mit Hilfe von Cookies.<\/p>\n<p><b>Wir betonen ausdr\u00fccklich, dass uns der Schutz Ihrer pers\u00f6nlichen Daten wichtig ist,<br \/>\nund dass wir unsererseits alles daf\u00fcr tun, diesen zu gew\u00e4hrleisten.<\/b><\/p>\n<p>Wir haben diese Erkl\u00e4rung nach bestem Wissen und Gewissen erstellt.<br \/>\nSofern wir hinsichtlich unserer Aufkl\u00e4rungspflichten etwas vergessen haben sollten,<br \/>\nbitten wir Sie um eine kurze Nachricht, um unseren Hinweistext gegebenenfalls zu erg\u00e4nzen.<\/p>\n<\/div>\n<p>[\/et_pb_text][\/et_pb_column][et_pb_column type=&#8220;1_3&#8243;][\/et_pb_column][\/et_pb_row][\/et_pb_section]<\/p>\n","protected":false},"excerpt":{"rendered":"<p><div class=\"et_pb_row et_pb_row_0 et_pb_row_empty\">\n\t\t\t\t\n\t\t\t\t\n\t\t\t\t\n\t\t\t\t\n\t\t\t\t\n\t\t\t<\/div><div class=\"et_pb_row et_pb_row_1 et_pb_row_empty\">\n\t\t\t\t\n\t\t\t\t\n\t\t\t\t\n\t\t\t\t\n\t\t\t\t\n\t\t\t<\/div> Erkl\u00e4rung zum Datenschutz Mit dem Besuch und der Nutzung dieser Website erkl\u00e4ren Sie sich damit einverstanden, dass gegebenenfalls Ihre Nutzerdaten erhoben und gespeichert werden. Sie k\u00f6nnen diese Website besuchen, ohne sich in irgendeier Form zu registrieren. Daten wie zum Beispiel die von Ihnen aufgerufenen Seiten oder Dateien, sowie gegebenenfalls auch die Zeiten der Nutzung, [&hellip;]<\/p>\n","protected":false},"author":1,"featured_media":0,"parent":8,"menu_order":9,"comment_status":"closed","ping_status":"closed","template":"","meta":{"_et_pb_use_builder":"on","_et_pb_old_content":"","_et_gb_content_width":"","footnotes":""},"class_list":["post-1015","page","type-page","status-publish","hentry"],"_links":{"self":[{"href":"https:\/\/awifilm.de\/site\/wp-json\/wp\/v2\/pages\/1015","targetHints":{"allow":["GET"]}}],"collection":[{"href":"https:\/\/awifilm.de\/site\/wp-json\/wp\/v2\/pages"}],"about":[{"href":"https:\/\/awifilm.de\/site\/wp-json\/wp\/v2\/types\/page"}],"author":[{"embeddable":true,"href":"https:\/\/awifilm.de\/site\/wp-json\/wp\/v2\/users\/1"}],"replies":[{"embeddable":true,"href":"https:\/\/awifilm.de\/site\/wp-json\/wp\/v2\/comments?post=1015"}],"version-history":[{"count":4,"href":"https:\/\/awifilm.de\/site\/wp-json\/wp\/v2\/pages\/1015\/revisions"}],"predecessor-version":[{"id":1021,"href":"https:\/\/awifilm.de\/site\/wp-json\/wp\/v2\/pages\/1015\/revisions\/1021"}],"up":[{"embeddable":true,"href":"https:\/\/awifilm.de\/site\/wp-json\/wp\/v2\/pages\/8"}],"wp:attachment":[{"href":"https:\/\/awifilm.de\/site\/wp-json\/wp\/v2\/media?parent=1015"}],"curies":[{"name":"wp","href":"https:\/\/api.w.org\/{rel}","templated":true}]}}